{"id":675,"date":"2025-08-30T17:47:15","date_gmt":"2025-08-30T17:47:15","guid":{"rendered":"https:\/\/namasteewien.at\/?post_type=product&#038;p=675"},"modified":"2025-09-17T14:16:35","modified_gmt":"2025-09-17T12:16:35","slug":"chicken-pakora-ac","status":"publish","type":"product","link":"https:\/\/namasteewien.at\/en\/product\/chicken-pakora-ac\/","title":{"rendered":"Chicken Pakora (A,C)"},"content":{"rendered":"<p>Zarte H\u00e4hnchenst\u00fccke in Kichererbsenmehlteig,<br \/>\nknusprig frittiert und mit indischen Gew\u00fcrzen\u00a0verfeinert.<\/p>\n","protected":false},"excerpt":{"rendered":"<p>Zarte H\u00e4hnchenst\u00fccke in Kichererbsenmehlteig, knusprig frittiert und mit indischen Gew\u00fcrzen\u00a0verfeinert.<\/p>\n","protected":false},"featured_media":562,"comment_status":"open","ping_status":"closed","template":"","meta":[],"product_brand":[],"product_cat":[38],"product_tag":[],"class_list":{"0":"post-675","1":"product","2":"type-product","3":"status-publish","4":"has-post-thumbnail","6":"product_cat-starter","8":"first","9":"instock","10":"shipping-taxable","11":"purchasable","12":"product-type-simple"},"aioseo_notices":[],"_links":{"self":[{"href":"https:\/\/namasteewien.at\/en\/wp-json\/wp\/v2\/product\/675","targetHints":{"allow":["GET"]}}],"collection":[{"href":"https:\/\/namasteewien.at\/en\/wp-json\/wp\/v2\/product"}],"about":[{"href":"https:\/\/namasteewien.at\/en\/wp-json\/wp\/v2\/types\/product"}],"replies":[{"embeddable":true,"href":"https:\/\/namasteewien.at\/en\/wp-json\/wp\/v2\/comments?post=675"}],"wp:featuredmedia":[{"embeddable":true,"href":"https:\/\/namasteewien.at\/en\/wp-json\/wp\/v2\/media\/562"}],"wp:attachment":[{"href":"https:\/\/namasteewien.at\/en\/wp-json\/wp\/v2\/media?parent=675"}],"wp:term":[{"taxonomy":"product_brand","embeddable":true,"href":"https:\/\/namasteewien.at\/en\/wp-json\/wp\/v2\/product_brand?post=675"},{"taxonomy":"product_cat","embeddable":true,"href":"https:\/\/namasteewien.at\/en\/wp-json\/wp\/v2\/product_cat?post=675"},{"taxonomy":"product_tag","embeddable":true,"href":"https:\/\/namasteewien.at\/en\/wp-json\/wp\/v2\/product_tag?post=675"}],"curies":[{"name":"wp","href":"https:\/\/api.w.org\/{rel}","templated":true}]}}