{"id":672,"date":"2025-08-30T17:47:08","date_gmt":"2025-08-30T17:47:08","guid":{"rendered":"https:\/\/namasteewien.at\/?post_type=product&#038;p=672"},"modified":"2025-09-17T14:17:59","modified_gmt":"2025-09-17T12:17:59","slug":"channa-samosa-ag","status":"publish","type":"product","link":"https:\/\/namasteewien.at\/en\/product\/channa-samosa-ag\/","title":{"rendered":"Channa Samosa (A,G)"},"content":{"rendered":"<p>Knusprige Teigtasche mit w\u00fcrziger Kartoffel-Erbsen-F\u00fcllung,<br \/>\nserviert mit pikantem Kichererbsencurry und frischen Gew\u00fcrzen.<\/p>\n","protected":false},"excerpt":{"rendered":"<p>Knusprige Teigtasche mit w\u00fcrziger Kartoffel-Erbsen-F\u00fcllung, serviert mit pikantem Kichererbsencurry und frischen Gew\u00fcrzen.<\/p>\n","protected":false},"featured_media":562,"comment_status":"open","ping_status":"closed","template":"","meta":[],"product_brand":[],"product_cat":[38],"product_tag":[],"class_list":{"0":"post-672","1":"product","2":"type-product","3":"status-publish","4":"has-post-thumbnail","6":"product_cat-starter","8":"first","9":"instock","10":"shipping-taxable","11":"purchasable","12":"product-type-simple"},"aioseo_notices":[],"_links":{"self":[{"href":"https:\/\/namasteewien.at\/en\/wp-json\/wp\/v2\/product\/672","targetHints":{"allow":["GET"]}}],"collection":[{"href":"https:\/\/namasteewien.at\/en\/wp-json\/wp\/v2\/product"}],"about":[{"href":"https:\/\/namasteewien.at\/en\/wp-json\/wp\/v2\/types\/product"}],"replies":[{"embeddable":true,"href":"https:\/\/namasteewien.at\/en\/wp-json\/wp\/v2\/comments?post=672"}],"wp:featuredmedia":[{"embeddable":true,"href":"https:\/\/namasteewien.at\/en\/wp-json\/wp\/v2\/media\/562"}],"wp:attachment":[{"href":"https:\/\/namasteewien.at\/en\/wp-json\/wp\/v2\/media?parent=672"}],"wp:term":[{"taxonomy":"product_brand","embeddable":true,"href":"https:\/\/namasteewien.at\/en\/wp-json\/wp\/v2\/product_brand?post=672"},{"taxonomy":"product_cat","embeddable":true,"href":"https:\/\/namasteewien.at\/en\/wp-json\/wp\/v2\/product_cat?post=672"},{"taxonomy":"product_tag","embeddable":true,"href":"https:\/\/namasteewien.at\/en\/wp-json\/wp\/v2\/product_tag?post=672"}],"curies":[{"name":"wp","href":"https:\/\/api.w.org\/{rel}","templated":true}]}}