{"id":19,"date":"2025-08-17T12:21:33","date_gmt":"2025-08-17T12:21:33","guid":{"rendered":"https:\/\/namasteewien.at\/?page_id=19"},"modified":"2025-09-12T13:23:52","modified_gmt":"2025-09-12T11:23:52","slug":"menu","status":"publish","type":"page","link":"https:\/\/namasteewien.at\/en\/","title":{"rendered":"Menu"},"content":{"rendered":"\t\t<div data-elementor-type=\"wp-page\" data-elementor-id=\"19\" class=\"elementor elementor-19\" data-elementor-post-type=\"page\">\n\t\t\t\t<div class=\"elementor-element elementor-element-ea252cd e-flex e-con-boxed e-con e-parent\" data-id=\"ea252cd\" data-element_type=\"container\" data-e-type=\"container\">\n\t\t\t\t\t<div class=\"e-con-inner\">\n\t\t\t\t<div class=\"elementor-element elementor-element-c856ab6 elementor-widget elementor-widget-heading\" data-id=\"c856ab6\" data-element_type=\"widget\" data-e-type=\"widget\" data-widget_type=\"heading.default\">\n\t\t\t\t\t<h2 class=\"elementor-heading-title elementor-size-default\">Starter<\/h2>\t\t\t\t<\/div>\n\t\t\t\t\t<\/div>\n\t\t\t\t<\/div>\n\t\t<div class=\"elementor-element elementor-element-569bd02 e-flex e-con-boxed e-con e-parent\" data-id=\"569bd02\" data-element_type=\"container\" data-e-type=\"container\">\n\t\t\t\t\t<div class=\"e-con-inner\">\n\t\t\t\t<div class=\"elementor-element elementor-element-bdaa7bf elementor-widget elementor-widget-heading\" data-id=\"bdaa7bf\" data-element_type=\"widget\" data-e-type=\"widget\" data-widget_type=\"heading.default\">\n\t\t\t\t\t<h2 class=\"elementor-heading-title elementor-size-default\">Shrimps Dishes<\/h2>\t\t\t\t<\/div>\n\t\t\t\t\t<\/div>\n\t\t\t\t<\/div>\n\t\t<div class=\"elementor-element elementor-element-a2353eb e-flex e-con-boxed e-con e-parent\" data-id=\"a2353eb\" data-element_type=\"container\" data-e-type=\"container\">\n\t\t\t\t\t<div class=\"e-con-inner\">\n\t\t\t\t<div class=\"elementor-element elementor-element-6e97d08 elementor-widget elementor-widget-heading\" data-id=\"6e97d08\" data-element_type=\"widget\" data-e-type=\"widget\" data-widget_type=\"heading.default\">\n\t\t\t\t\t<h2 class=\"elementor-heading-title elementor-size-default\">Lamb Dishes<\/h2>\t\t\t\t<\/div>\n\t\t\t\t\t<\/div>\n\t\t\t\t<\/div>\n\t\t<div class=\"elementor-element elementor-element-5141189 e-flex e-con-boxed e-con e-parent\" data-id=\"5141189\" data-element_type=\"container\" data-e-type=\"container\">\n\t\t\t\t\t<div class=\"e-con-inner\">\n\t\t\t\t<div class=\"elementor-element elementor-element-393bd9a elementor-widget elementor-widget-heading\" data-id=\"393bd9a\" data-element_type=\"widget\" data-e-type=\"widget\" data-widget_type=\"heading.default\">\n\t\t\t\t\t<h2 class=\"elementor-heading-title elementor-size-default\"> Chicken Dishes<\/h2>\t\t\t\t<\/div>\n\t\t\t\t\t<\/div>\n\t\t\t\t<\/div>\n\t\t<div class=\"elementor-element elementor-element-80b64f4 e-flex e-con-boxed e-con e-parent\" data-id=\"80b64f4\" data-element_type=\"container\" data-e-type=\"container\">\n\t\t\t\t\t<div class=\"e-con-inner\">\n\t\t\t\t<div class=\"elementor-element elementor-element-93b0c28 elementor-widget elementor-widget-heading\" data-id=\"93b0c28\" data-element_type=\"widget\" data-e-type=\"widget\" data-widget_type=\"heading.default\">\n\t\t\t\t\t<h2 class=\"elementor-heading-title elementor-size-default\">Veg Dishes<\/h2>\t\t\t\t<\/div>\n\t\t\t\t\t<\/div>\n\t\t\t\t<\/div>\n\t\t<div class=\"elementor-element elementor-element-8cf12f2 e-flex e-con-boxed e-con e-parent\" data-id=\"8cf12f2\" data-element_type=\"container\" data-e-type=\"container\">\n\t\t\t\t\t<div class=\"e-con-inner\">\n\t\t\t\t<div class=\"elementor-element elementor-element-0281d3d elementor-widget elementor-widget-heading\" data-id=\"0281d3d\" data-element_type=\"widget\" data-e-type=\"widget\" data-widget_type=\"heading.default\">\n\t\t\t\t\t<h2 class=\"elementor-heading-title elementor-size-default\"> Drinks<\/h2>\t\t\t\t<\/div>\n\t\t\t\t\t<\/div>\n\t\t\t\t<\/div>\n\t\t<div class=\"elementor-element elementor-element-2d3e5c7 location e-flex e-con-boxed e-con e-parent\" data-id=\"2d3e5c7\" data-element_type=\"container\" data-e-type=\"container\" id=\"location\">\n\t\t\t\t\t<div class=\"e-con-inner\">\n\t\t<div class=\"elementor-element elementor-element-3030db8 e-grid e-con-full e-con e-child\" data-id=\"3030db8\" data-element_type=\"container\" data-e-type=\"container\">\n\t\t<div class=\"elementor-element elementor-element-b0b27a6 e-con-full e-flex e-con e-child\" data-id=\"b0b27a6\" data-element_type=\"container\" data-e-type=\"container\">\n\t\t\t\t<div class=\"elementor-element elementor-element-5d63aa7 elementor-widget elementor-widget-heading\" data-id=\"5d63aa7\" data-element_type=\"widget\" data-e-type=\"widget\" data-widget_type=\"heading.default\">\n\t\t\t\t\t<h2 class=\"elementor-heading-title elementor-size-default\">Our location<\/h2>\t\t\t\t<\/div>\n\t\t\t\t<div class=\"elementor-element elementor-element-53fa5cd elementor-widget elementor-widget-text-editor\" data-id=\"53fa5cd\" data-element_type=\"widget\" data-e-type=\"widget\" data-widget_type=\"text-editor.default\">\n\t\t\t\t\t\t\t\t\t<p data-start=\"168\" data-end=\"562\">Welcome to <strong>SCHRI1008 OG M\u00e4rzstra\u00dfe 105A L.3-4 1150 Wien \u00d6sterreich ATU80350489<\/strong>\u00a0\u2013 your Indian culinary paradise in the heart of Vienna\u2019s 15th district! Discover the vibrant world of traditional Indian flavors, from spicy starters and fresh shrimp dishes to rich lamb and chicken curries, wholesome vegetarian specialties, refreshing drinks, and oven-fresh naan. Every dish is crafted with passion and inspired by India\u2019s rich culinary heritage.<\/p><p data-start=\"564\" data-end=\"584\"><strong data-start=\"564\" data-end=\"582\">Opening hours:<\/strong><\/p><ul data-start=\"585\" data-end=\"724\"><li data-start=\"585\" data-end=\"635\"><p data-start=\"587\" data-end=\"635\"><strong data-start=\"587\" data-end=\"609\">Monday \u2013 Thursday:<\/strong> 11:00 a.m. \u2013 11:00 p.m.<\/p><\/li><li data-start=\"636\" data-end=\"674\"><p data-start=\"638\" data-end=\"674\"><strong data-start=\"638\" data-end=\"649\">Friday:<\/strong> 2:30 p.m. \u2013 11:00 p.m.<\/p><\/li><li data-start=\"675\" data-end=\"724\"><p data-start=\"677\" data-end=\"724\"><strong data-start=\"677\" data-end=\"699\">Saturday &amp; Sunday:<\/strong> 4:00 p.m. \u2013 11:00 p.m.<\/p><\/li><\/ul><p data-start=\"726\" data-end=\"951\"><strong data-start=\"726\" data-end=\"756\">Delivery &amp; Pickup Service:<\/strong> Enjoy the authentic taste of India your way! Choose to pick up your freshly prepared dishes directly from our restaurant, or let us deliver them straight to your door during our opening hours.<\/p><h4 data-start=\"953\" data-end=\"983\">Why choose Us ?<\/h4><ul data-start=\"985\" data-end=\"1347\"><li data-start=\"985\" data-end=\"1122\"><p data-start=\"987\" data-end=\"1122\"><strong data-start=\"987\" data-end=\"1016\">Authentic Indian recipes:<\/strong> Our dishes are made using traditional cooking methods and spices for a truly genuine Indian experience.<\/p><\/li><li data-start=\"1123\" data-end=\"1210\"><p data-start=\"1125\" data-end=\"1210\"><strong data-start=\"1125\" data-end=\"1147\">Fresh ingredients:<\/strong> Only the finest and freshest ingredients go into every dish.<\/p><\/li><li data-start=\"1211\" data-end=\"1347\"><p data-start=\"1213\" data-end=\"1347\"><strong data-start=\"1213\" data-end=\"1238\">A taste of tradition:<\/strong> From aromatic curries to soft, fluffy naan, we bring the warmth and diversity of Indian cuisine to Vienna.<\/p><\/li><\/ul><p data-start=\"1349\" data-end=\"1504\">Visit us at <strong data-start=\"1361\" data-end=\"1391\">M\u00e4rzstra\u00dfe 105A, 1150 Wien<\/strong>, and immerse yourself in the colors, aromas, and flavors of India \u2013 where every meal feels like a celebration.<\/p><p data-start=\"1506\" data-end=\"1566\">For more information or to place an order, please call us.<\/p>\t\t\t\t\t\t\t\t<\/div>\n\t\t\t\t<\/div>\n\t\t\t\t<div class=\"elementor-element elementor-element-b6214d2 elementor-widget elementor-widget-google_maps\" data-id=\"b6214d2\" data-element_type=\"widget\" data-e-type=\"widget\" data-widget_type=\"google_maps.default\">\n\t\t\t\t\t\t\t<div class=\"elementor-custom-embed\">\n\t\t\t<iframe loading=\"lazy\"\n\t\t\t\t\tsrc=\"https:\/\/maps.google.com\/maps?q=Austria&#038;t=m&#038;z=10&#038;output=embed&#038;iwloc=near\"\n\t\t\t\t\ttitle=\"Austria\"\n\t\t\t\t\taria-label=\"Austria\"\n\t\t\t><\/iframe>\n\t\t<\/div>\n\t\t\t\t\t\t<\/div>\n\t\t\t\t<\/div>\n\t\t\t\t\t<\/div>\n\t\t\t\t<\/div>\n\t\t\t\t<\/div>\n\t\t","protected":false},"excerpt":{"rendered":"<p>Starter &euro;8.50 Anda bhurji (B) &euro;6.50 Punjabi Salat\u00a0(G,O) &euro;7.90 Shrimps Pakora (A,B,C) &euro;3.50 Roten Linsensuppe &euro;8.90 Mango Masala Wings (A,G) &euro;7.90 Chicken Pakora (A,C) &euro;5.50 Vegetarisch Pakora (A,G) &euro;5.50 Aloo Tikki (A,G) &euro;8.50 Channa Samosa (A,G) &euro;5.90 Samosa (A, Vegan) Shrimps Dishes &euro;18.50 Shrimps Curry (B,G) &euro;18.50 Shrimps Biryani (B,G,H) Lamb Dishes &euro;17.90 Lamm Vindaloo [&hellip;]<\/p>\n","protected":false},"author":2,"featured_media":0,"parent":0,"menu_order":0,"comment_status":"closed","ping_status":"open","template":"elementor_header_footer","meta":{"footnotes":""},"class_list":["post-19","page","type-page","status-publish","hentry"],"aioseo_notices":[],"_links":{"self":[{"href":"https:\/\/namasteewien.at\/en\/wp-json\/wp\/v2\/pages\/19","targetHints":{"allow":["GET"]}}],"collection":[{"href":"https:\/\/namasteewien.at\/en\/wp-json\/wp\/v2\/pages"}],"about":[{"href":"https:\/\/namasteewien.at\/en\/wp-json\/wp\/v2\/types\/page"}],"author":[{"embeddable":true,"href":"https:\/\/namasteewien.at\/en\/wp-json\/wp\/v2\/users\/2"}],"replies":[{"embeddable":true,"href":"https:\/\/namasteewien.at\/en\/wp-json\/wp\/v2\/comments?post=19"}],"version-history":[{"count":218,"href":"https:\/\/namasteewien.at\/en\/wp-json\/wp\/v2\/pages\/19\/revisions"}],"predecessor-version":[{"id":1073,"href":"https:\/\/namasteewien.at\/en\/wp-json\/wp\/v2\/pages\/19\/revisions\/1073"}],"wp:attachment":[{"href":"https:\/\/namasteewien.at\/en\/wp-json\/wp\/v2\/media?parent=19"}],"curies":[{"name":"wp","href":"https:\/\/api.w.org\/{rel}","templated":true}]}}