{"id":706,"date":"2025-08-30T18:01:06","date_gmt":"2025-08-30T18:01:06","guid":{"rendered":"https:\/\/namasteewien.at\/?post_type=product&#038;p=706"},"modified":"2025-09-16T15:49:41","modified_gmt":"2025-09-16T13:49:41","slug":"malai-kofta-gh","status":"publish","type":"product","link":"https:\/\/namasteewien.at\/de\/product\/malai-kofta-gh\/","title":{"rendered":"Malai Kofta (G,H)"},"content":{"rendered":"<p>Gem\u00fcsekl\u00f6\u00dfe in Cashew-Sahnesauce.<\/p>","protected":false},"excerpt":{"rendered":"<p>Gem\u00fcsekl\u00f6\u00dfe in Cashew-Sahnesauce.<\/p>","protected":false},"featured_media":562,"comment_status":"open","ping_status":"closed","template":"","meta":[],"product_brand":[],"product_cat":[37],"product_tag":[],"class_list":{"0":"post-706","1":"product","2":"type-product","3":"status-publish","4":"has-post-thumbnail","6":"product_cat-veg-dishes","8":"first","9":"instock","10":"shipping-taxable","11":"purchasable","12":"product-type-simple"},"aioseo_notices":[],"_links":{"self":[{"href":"https:\/\/namasteewien.at\/de\/wp-json\/wp\/v2\/product\/706","targetHints":{"allow":["GET"]}}],"collection":[{"href":"https:\/\/namasteewien.at\/de\/wp-json\/wp\/v2\/product"}],"about":[{"href":"https:\/\/namasteewien.at\/de\/wp-json\/wp\/v2\/types\/product"}],"replies":[{"embeddable":true,"href":"https:\/\/namasteewien.at\/de\/wp-json\/wp\/v2\/comments?post=706"}],"wp:featuredmedia":[{"embeddable":true,"href":"https:\/\/namasteewien.at\/de\/wp-json\/wp\/v2\/media\/562"}],"wp:attachment":[{"href":"https:\/\/namasteewien.at\/de\/wp-json\/wp\/v2\/media?parent=706"}],"wp:term":[{"taxonomy":"product_brand","embeddable":true,"href":"https:\/\/namasteewien.at\/de\/wp-json\/wp\/v2\/product_brand?post=706"},{"taxonomy":"product_cat","embeddable":true,"href":"https:\/\/namasteewien.at\/de\/wp-json\/wp\/v2\/product_cat?post=706"},{"taxonomy":"product_tag","embeddable":true,"href":"https:\/\/namasteewien.at\/de\/wp-json\/wp\/v2\/product_tag?post=706"}],"curies":[{"name":"wp","href":"https:\/\/api.w.org\/{rel}","templated":true}]}}