{"id":676,"date":"2025-08-30T17:47:27","date_gmt":"2025-08-30T17:47:27","guid":{"rendered":"https:\/\/namasteewien.at\/?post_type=product&#038;p=676"},"modified":"2025-09-13T16:12:46","modified_gmt":"2025-09-13T14:12:46","slug":"mango-masala-wings-ag","status":"publish","type":"product","link":"https:\/\/namasteewien.at\/de\/product\/mango-masala-wings-ag\/","title":{"rendered":"Mango Masala Wings (A,G)"},"content":{"rendered":"<p>Zarte H\u00e4hnchenfl\u00fcgel mit w\u00fcrziger Mango &#8211;<br \/>\nMarinade gegrillt ( 8 Stk. )<\/p>","protected":false},"excerpt":{"rendered":"<p>Zarte H\u00e4hnchenfl\u00fcgel mit w\u00fcrziger Mango &#8211; Marinade gegrillt ( 8 Stk. )<\/p>","protected":false},"featured_media":562,"comment_status":"open","ping_status":"closed","template":"","meta":[],"product_brand":[],"product_cat":[38],"product_tag":[],"class_list":{"0":"post-676","1":"product","2":"type-product","3":"status-publish","4":"has-post-thumbnail","6":"product_cat-starter","8":"first","9":"instock","10":"shipping-taxable","11":"purchasable","12":"product-type-simple"},"aioseo_notices":[],"_links":{"self":[{"href":"https:\/\/namasteewien.at\/de\/wp-json\/wp\/v2\/product\/676","targetHints":{"allow":["GET"]}}],"collection":[{"href":"https:\/\/namasteewien.at\/de\/wp-json\/wp\/v2\/product"}],"about":[{"href":"https:\/\/namasteewien.at\/de\/wp-json\/wp\/v2\/types\/product"}],"replies":[{"embeddable":true,"href":"https:\/\/namasteewien.at\/de\/wp-json\/wp\/v2\/comments?post=676"}],"wp:featuredmedia":[{"embeddable":true,"href":"https:\/\/namasteewien.at\/de\/wp-json\/wp\/v2\/media\/562"}],"wp:attachment":[{"href":"https:\/\/namasteewien.at\/de\/wp-json\/wp\/v2\/media?parent=676"}],"wp:term":[{"taxonomy":"product_brand","embeddable":true,"href":"https:\/\/namasteewien.at\/de\/wp-json\/wp\/v2\/product_brand?post=676"},{"taxonomy":"product_cat","embeddable":true,"href":"https:\/\/namasteewien.at\/de\/wp-json\/wp\/v2\/product_cat?post=676"},{"taxonomy":"product_tag","embeddable":true,"href":"https:\/\/namasteewien.at\/de\/wp-json\/wp\/v2\/product_tag?post=676"}],"curies":[{"name":"wp","href":"https:\/\/api.w.org\/{rel}","templated":true}]}}